{"id":635,"date":"2025-10-06T17:04:50","date_gmt":"2025-10-06T15:04:50","guid":{"rendered":"https:\/\/puertasarse.com\/?page_id=635"},"modified":"2025-10-06T17:22:36","modified_gmt":"2025-10-06T15:22:36","slug":"gracias-por-contactar","status":"publish","type":"page","link":"https:\/\/puertasarse.com\/en\/gracias-por-contactar\/","title":{"rendered":"P\u00e1gina de gracias"},"content":{"rendered":"<div data-elementor-type=\"wp-page\" data-elementor-id=\"635\" class=\"elementor elementor-635\" data-elementor-post-type=\"page\">\n\t\t\t\t<div class=\"elementor-element elementor-element-e1c1b48 e-flex e-con-boxed e-con e-parent\" data-id=\"e1c1b48\" data-element_type=\"container\" data-settings=\"{&quot;background_background&quot;:&quot;classic&quot;}\">\n\t\t\t\t\t<div class=\"e-con-inner\">\n\t\t<div class=\"elementor-element elementor-element-fdd022c e-con-full e-flex e-con e-child\" data-id=\"fdd022c\" data-element_type=\"container\">\n\t\t\t\t<div class=\"elementor-element elementor-element-e4f6fcd elementor-widget elementor-widget-heading\" data-id=\"e4f6fcd\" data-element_type=\"widget\" data-widget_type=\"heading.default\">\n\t\t\t\t<div class=\"elementor-widget-container\">\n\t\t\t\t\t<p class=\"elementor-heading-title elementor-size-default\">\u00a1Gracias por confiar en Puertas Arse!<\/p>\t\t\t\t<\/div>\n\t\t\t\t<\/div>\n\t\t\t\t<div class=\"elementor-element elementor-element-e2bbe8e elementor-widget elementor-widget-text-editor\" data-id=\"e2bbe8e\" data-element_type=\"widget\" data-widget_type=\"text-editor.default\">\n\t\t\t\t<div class=\"elementor-widget-container\">\n\t\t\t\t\t\t\t\t\t<p>Hemos recibido tu solicitud con \u00e9xito. Nuestro equipo ya est\u00e1 trabajando para atenderla lo antes posible.<\/p><p>Mientras tanto, puedes conocer m\u00e1s sobre nuestras colecciones descargando nuestro cat\u00e1logo: <a href=\"https:\/\/puertasarse.com\/wp-content\/uploads\/2025\/10\/CAT-ARTV-pliegos.pdf\">\u00a0<span style=\"color: #3366ff;\">Download catalogue<\/span><\/a><\/p>\t\t\t\t\t\t\t\t<\/div>\n\t\t\t\t<\/div>\n\t\t\t\t<\/div>\n\t\t\t\t\t<\/div>\n\t\t\t\t<\/div>\n\t\t\t\t<\/div>","protected":false},"excerpt":{"rendered":"<p>\u00a1Gracias por confiar en Puertas Arse! Hemos recibido tu solicitud con \u00e9xito. Nuestro equipo ya est\u00e1 trabajando para atenderla lo antes posible. Mientras tanto, puedes conocer m\u00e1s sobre nuestras colecciones descargando nuestro cat\u00e1logo: \u00a0Descargar cat\u00e1logo<\/p>","protected":false},"author":2,"featured_media":0,"parent":0,"menu_order":0,"comment_status":"closed","ping_status":"closed","template":"","meta":{"_acf_changed":false,"footnotes":""},"class_list":["post-635","page","type-page","status-publish","hentry"],"acf":[],"yoast_head":"<!-- This site is optimized with the Yoast SEO plugin v26.6 - https:\/\/yoast.com\/wordpress\/plugins\/seo\/ -->\n<title>P\u00e1gina de gracias - Puertas Arse<\/title>\n<meta name=\"robots\" content=\"index, follow, max-snippet:-1, max-image-preview:large, max-video-preview:-1\" \/>\n<link rel=\"canonical\" href=\"https:\/\/puertasarse.com\/en\/gracias-por-contactar\/\" \/>\n<meta property=\"og:locale\" content=\"en_GB\" \/>\n<meta property=\"og:type\" content=\"article\" \/>\n<meta property=\"og:title\" content=\"P\u00e1gina de gracias - Puertas Arse\" \/>\n<meta property=\"og:description\" content=\"\u00a1Gracias por confiar en Puertas Arse! Hemos recibido tu solicitud con \u00e9xito. Nuestro equipo ya est\u00e1 trabajando para atenderla lo antes posible. Mientras tanto, puedes conocer m\u00e1s sobre nuestras colecciones descargando nuestro cat\u00e1logo: \u00a0Descargar cat\u00e1logo\" \/>\n<meta property=\"og:url\" content=\"https:\/\/puertasarse.com\/en\/gracias-por-contactar\/\" \/>\n<meta property=\"og:site_name\" content=\"Puertas Arse\" \/>\n<meta property=\"article:modified_time\" content=\"2025-10-06T15:22:36+00:00\" \/>\n<meta name=\"twitter:card\" content=\"summary_large_image\" \/>\n<meta name=\"twitter:label1\" content=\"Estimated reading time\" \/>\n\t<meta name=\"twitter:data1\" content=\"1 minute\" \/>\n<script type=\"application\/ld+json\" class=\"yoast-schema-graph\">{\"@context\":\"https:\/\/schema.org\",\"@graph\":[{\"@type\":\"WebPage\",\"@id\":\"https:\/\/puertasarse.com\/gracias-por-contactar\/\",\"url\":\"https:\/\/puertasarse.com\/gracias-por-contactar\/\",\"name\":\"P\u00e1gina de gracias - Puertas Arse\",\"isPartOf\":{\"@id\":\"https:\/\/puertasarse.com\/#website\"},\"datePublished\":\"2025-10-06T15:04:50+00:00\",\"dateModified\":\"2025-10-06T15:22:36+00:00\",\"breadcrumb\":{\"@id\":\"https:\/\/puertasarse.com\/gracias-por-contactar\/#breadcrumb\"},\"inLanguage\":\"en-GB\",\"potentialAction\":[{\"@type\":\"ReadAction\",\"target\":[\"https:\/\/puertasarse.com\/gracias-por-contactar\/\"]}]},{\"@type\":\"BreadcrumbList\",\"@id\":\"https:\/\/puertasarse.com\/gracias-por-contactar\/#breadcrumb\",\"itemListElement\":[{\"@type\":\"ListItem\",\"position\":1,\"name\":\"Portada\",\"item\":\"https:\/\/puertasarse.com\/\"},{\"@type\":\"ListItem\",\"position\":2,\"name\":\"P\u00e1gina de gracias\"}]},{\"@type\":\"WebSite\",\"@id\":\"https:\/\/puertasarse.com\/#website\",\"url\":\"https:\/\/puertasarse.com\/\",\"name\":\"Puertas Arse\",\"description\":\"Fabricantes de Puertas de Madera\",\"publisher\":{\"@id\":\"https:\/\/puertasarse.com\/#organization\"},\"potentialAction\":[{\"@type\":\"SearchAction\",\"target\":{\"@type\":\"EntryPoint\",\"urlTemplate\":\"https:\/\/puertasarse.com\/?s={search_term_string}\"},\"query-input\":{\"@type\":\"PropertyValueSpecification\",\"valueRequired\":true,\"valueName\":\"search_term_string\"}}],\"inLanguage\":\"en-GB\"},{\"@type\":\"Organization\",\"@id\":\"https:\/\/puertasarse.com\/#organization\",\"name\":\"Puertas Arse\",\"url\":\"https:\/\/puertasarse.com\/\",\"logo\":{\"@type\":\"ImageObject\",\"inLanguage\":\"en-GB\",\"@id\":\"https:\/\/puertasarse.com\/#\/schema\/logo\/image\/\",\"url\":\"https:\/\/puertasarse.com\/wp-content\/uploads\/2025\/01\/Puertas-Arse-logo-60.png\",\"contentUrl\":\"https:\/\/puertasarse.com\/wp-content\/uploads\/2025\/01\/Puertas-Arse-logo-60.png\",\"width\":162,\"height\":60,\"caption\":\"Puertas Arse\"},\"image\":{\"@id\":\"https:\/\/puertasarse.com\/#\/schema\/logo\/image\/\"}}]}<\/script>\n<!-- \/ Yoast SEO plugin. -->","yoast_head_json":{"title":"P\u00e1gina de gracias - Puertas Arse","robots":{"index":"index","follow":"follow","max-snippet":"max-snippet:-1","max-image-preview":"max-image-preview:large","max-video-preview":"max-video-preview:-1"},"canonical":"https:\/\/puertasarse.com\/en\/gracias-por-contactar\/","og_locale":"en_GB","og_type":"article","og_title":"P\u00e1gina de gracias - Puertas Arse","og_description":"\u00a1Gracias por confiar en Puertas Arse! Hemos recibido tu solicitud con \u00e9xito. Nuestro equipo ya est\u00e1 trabajando para atenderla lo antes posible. Mientras tanto, puedes conocer m\u00e1s sobre nuestras colecciones descargando nuestro cat\u00e1logo: \u00a0Descargar cat\u00e1logo","og_url":"https:\/\/puertasarse.com\/en\/gracias-por-contactar\/","og_site_name":"Puertas Arse","article_modified_time":"2025-10-06T15:22:36+00:00","twitter_card":"summary_large_image","twitter_misc":{"Estimated reading time":"1 minute"},"schema":{"@context":"https:\/\/schema.org","@graph":[{"@type":"WebPage","@id":"https:\/\/puertasarse.com\/gracias-por-contactar\/","url":"https:\/\/puertasarse.com\/gracias-por-contactar\/","name":"P\u00e1gina de gracias - Puertas Arse","isPartOf":{"@id":"https:\/\/puertasarse.com\/#website"},"datePublished":"2025-10-06T15:04:50+00:00","dateModified":"2025-10-06T15:22:36+00:00","breadcrumb":{"@id":"https:\/\/puertasarse.com\/gracias-por-contactar\/#breadcrumb"},"inLanguage":"en-GB","potentialAction":[{"@type":"ReadAction","target":["https:\/\/puertasarse.com\/gracias-por-contactar\/"]}]},{"@type":"BreadcrumbList","@id":"https:\/\/puertasarse.com\/gracias-por-contactar\/#breadcrumb","itemListElement":[{"@type":"ListItem","position":1,"name":"Portada","item":"https:\/\/puertasarse.com\/"},{"@type":"ListItem","position":2,"name":"P\u00e1gina de gracias"}]},{"@type":"WebSite","@id":"https:\/\/puertasarse.com\/#website","url":"https:\/\/puertasarse.com\/","name":"Puertas Arse","description":"Fabricantes de Puertas de Madera","publisher":{"@id":"https:\/\/puertasarse.com\/#organization"},"potentialAction":[{"@type":"SearchAction","target":{"@type":"EntryPoint","urlTemplate":"https:\/\/puertasarse.com\/?s={search_term_string}"},"query-input":{"@type":"PropertyValueSpecification","valueRequired":true,"valueName":"search_term_string"}}],"inLanguage":"en-GB"},{"@type":"Organization","@id":"https:\/\/puertasarse.com\/#organization","name":"Puertas Arse","url":"https:\/\/puertasarse.com\/","logo":{"@type":"ImageObject","inLanguage":"en-GB","@id":"https:\/\/puertasarse.com\/#\/schema\/logo\/image\/","url":"https:\/\/puertasarse.com\/wp-content\/uploads\/2025\/01\/Puertas-Arse-logo-60.png","contentUrl":"https:\/\/puertasarse.com\/wp-content\/uploads\/2025\/01\/Puertas-Arse-logo-60.png","width":162,"height":60,"caption":"Puertas Arse"},"image":{"@id":"https:\/\/puertasarse.com\/#\/schema\/logo\/image\/"}}]}},"_links":{"self":[{"href":"https:\/\/puertasarse.com\/en\/wp-json\/wp\/v2\/pages\/635","targetHints":{"allow":["GET"]}}],"collection":[{"href":"https:\/\/puertasarse.com\/en\/wp-json\/wp\/v2\/pages"}],"about":[{"href":"https:\/\/puertasarse.com\/en\/wp-json\/wp\/v2\/types\/page"}],"author":[{"embeddable":true,"href":"https:\/\/puertasarse.com\/en\/wp-json\/wp\/v2\/users\/2"}],"replies":[{"embeddable":true,"href":"https:\/\/puertasarse.com\/en\/wp-json\/wp\/v2\/comments?post=635"}],"version-history":[{"count":14,"href":"https:\/\/puertasarse.com\/en\/wp-json\/wp\/v2\/pages\/635\/revisions"}],"predecessor-version":[{"id":658,"href":"https:\/\/puertasarse.com\/en\/wp-json\/wp\/v2\/pages\/635\/revisions\/658"}],"wp:attachment":[{"href":"https:\/\/puertasarse.com\/en\/wp-json\/wp\/v2\/media?parent=635"}],"curies":[{"name":"wp","href":"https:\/\/api.w.org\/{rel}","templated":true}]}}