{"id":623,"date":"2025-10-06T16:37:07","date_gmt":"2025-10-06T14:37:07","guid":{"rendered":"https:\/\/puertasarse.com\/?page_id=623"},"modified":"2026-01-09T09:48:31","modified_gmt":"2026-01-09T08:48:31","slug":"cookie-policy","status":"publish","type":"page","link":"https:\/\/puertasarse.com\/en\/cookie-policy\/","title":{"rendered":"Cookie Policy"},"content":{"rendered":"<p>In compliance with the provisions of Article 22.2 of Law 34\/2002, of 11 July, on Information Society Services and Electronic Commerce, this website informs you, in this section, of the&nbsp;<strong>cookie collection and processing policy<\/strong>.<\/p>\n\n\n\n<p><strong>What are cookies?<\/strong><\/p>\n\n\n\n<p>Una cookie es un fichero que se descarga en su ordenador al acceder a determinadas p\u00e1ginas web. Las cookies permiten a una p\u00e1gina web, entre otras cosas, almacenar y recuperar informaci\u00f3n sobre los h\u00e1bitos de navegaci\u00f3n de un usuario o de su equipo y, dependiendo de la informaci\u00f3n que contengan y de la forma en que utilice su equipo, pueden utilizarse para reconocer al usuario.<\/p>\n\n\n\n<p><strong>What types of cookies does this website use?<\/strong><\/p>\n\n\n\n<p>This website uses the following types of cookies:<\/p>\n\n\n\n<p><strong>Analytics cookies<\/strong>: Son aqu\u00e9llas que bien tratadas por nosotros o por terceros, nos permiten cuantificar el n\u00famero de usuarios y as\u00ed realizar la medici\u00f3n y an\u00e1lisis estad\u00edstico de la utilizaci\u00f3n que hacen los usuarios del servicio ofertado. Para ello se analiza su navegaci\u00f3n en nuestra p\u00e1gina web con el fin de mejorar la oferta de productos o servicios que le ofrecemos. <\/p>\n\n\n\n<p><strong>Technical cookies<\/strong>These are those that allow the user to navigate through the restricted area and use its different functions, such as, for example, to carry out the purchase process of an article.<\/p>\n\n\n\n<p><strong>Personalisation cookies<\/strong>These are those that allow the user to access the service with some general characteristics predefined according to a series of criteria in the user's terminal, such as, for example, the language or the type of browser through which the user connects to the service.<\/p>\n\n\n\n<p><strong>Advertising Cookies<\/strong>: Son aqu\u00e9llas que, bien tratadas por esta web o por terceros, permiten gestionar de la forma m\u00e1s eficaz posible la oferta de los espacios publicitarios que hay en la p\u00e1gina web, adecuando el contenido del anuncio al contenido del servicio solicitado o al uso que realice de nuestra p\u00e1gina web. Para ello podemos analizar sus h\u00e1bitos de navegaci\u00f3n en Internet y podemos mostrarle publicidad relacionada con su perfil de navegaci\u00f3n.<\/p>\n\n\n\n<p><strong>Behavioural advertising cookies<\/strong>Cookies: These are those that allow the management, in the most efficient way possible, of the advertising spaces that, where appropriate, the publisher has included on a website, application or platform from which the requested service is provided. This type of cookie stores information on the behaviour of visitors obtained through continuous observation of their browsing habits, which allows a specific profile to be developed in order to display advertisements based on the same.<\/p>\n\n\n\n<p><strong>Disable cookies.<\/strong><\/p>\n\n\n\n<p>You can&nbsp;<strong>allow, block or delete cookies<\/strong>&nbsp;installed on your computer by configuring the browser options installed on your computer.<\/p>\n\n\n\n<p>Most web browsers offer the possibility of allowing, blocking or deleting cookies installed on your computer.<\/p>\n\n\n\n<p>Below you can access the settings of the most common web browsers to accept, install or disable cookies:<\/p>\n\n\n\n<p><a href=\"https:\/\/support.google.com\/chrome\/answer\/95647?hl=es\" target=\"_blank\" rel=\"noreferrer noopener\">Setting cookies in Google Chrome<\/a><\/p>\n\n\n\n<p><a href=\"http:\/\/windows.microsoft.com\/es-es\/windows7\/how-to-manage-cookies-in-internet-explorer-9\" target=\"_blank\" rel=\"noreferrer noopener\">Setting cookies in Microsoft Internet Explorer<\/a><\/p>\n\n\n\n<p><a href=\"https:\/\/support.mozilla.org\/es\/kb\/habilitar-y-deshabilitar-cookies-sitios-web-rastrear-preferencias?redirectlocale=es&amp;redirectslug=habilitar-y-deshabilitar-cookies-que-los-sitios-we\" target=\"_blank\" rel=\"noreferrer noopener\">Setting cookies in Mozilla Firefox<\/a><\/p>\n\n\n\n<p><a href=\"https:\/\/support.apple.com\/es-es\/HT201265\" target=\"_blank\" rel=\"noreferrer noopener\">Setting cookies in Safari (Apple)<\/a><\/p>\n\n\n\n<p><strong>Third-party cookies.<\/strong><\/p>\n\n\n\n<p>This website uses third party services to collect information for statistical and web usage purposes. DoubleClick cookies are used to improve the advertising included on the website. They are used to target advertising according to the content that is relevant to a user, thus improving the quality of the user experience.<\/p>\n\n\n\n<p>In particular, we use Google Adsense and Google Analytics services for our statistics and advertising. Some cookies are essential to the operation of the site, for example the built-in search engine.<\/p>\n\n\n\n<p>Our site includes other functionalities provided by third parties. You can easily share the content on social networks such as Facebook, Twitter or Google +, with the buttons we have included for this purpose.<\/p>\n\n\n\n<p><strong>Warning about deleting cookies.<\/strong><\/p>\n\n\n\n<p><strong>You can delete and block all cookies from this site, but part of the site will not work or the quality of the web page may be affected.<\/strong><\/p>\n\n\n\n<p>If you have any questions about our cookie policy, you can contact this website through our Contact Us channels.<\/p>","protected":false},"excerpt":{"rendered":"<p>En cumplimiento con lo dispuesto en el art\u00edculo 22.2 de la Ley 34\/2002, de 11 de julio, de Servicios de la Sociedad de la Informaci\u00f3n y de Comercio Electr\u00f3nico, esta p\u00e1gina web le informa, en esta secci\u00f3n, sobre la&nbsp;pol\u00edtica de recogida y tratamiento de cookies. \u00bfQu\u00e9 son las cookies? Una cookie es un fichero que [&hellip;]<\/p>","protected":false},"author":2,"featured_media":0,"parent":0,"menu_order":0,"comment_status":"closed","ping_status":"closed","template":"","meta":{"_acf_changed":false,"footnotes":""},"class_list":["post-623","page","type-page","status-publish","hentry"],"acf":[],"yoast_head":"<!-- This site is optimized with the Yoast SEO plugin v26.6 - https:\/\/yoast.com\/wordpress\/plugins\/seo\/ -->\n<title>Pol\u00edtica de Cookies - Puertas Arse<\/title>\n<meta name=\"robots\" content=\"index, follow, max-snippet:-1, max-image-preview:large, max-video-preview:-1\" \/>\n<link rel=\"canonical\" href=\"https:\/\/puertasarse.com\/en\/cookie-policy\/\" \/>\n<meta property=\"og:locale\" content=\"en_GB\" \/>\n<meta property=\"og:type\" content=\"article\" \/>\n<meta property=\"og:title\" content=\"Pol\u00edtica de Cookies - Puertas Arse\" \/>\n<meta property=\"og:description\" content=\"En cumplimiento con lo dispuesto en el art\u00edculo 22.2 de la Ley 34\/2002, de 11 de julio, de Servicios de la Sociedad de la Informaci\u00f3n y de Comercio Electr\u00f3nico, esta p\u00e1gina web le informa, en esta secci\u00f3n, sobre la&nbsp;pol\u00edtica de recogida y tratamiento de cookies. \u00bfQu\u00e9 son las cookies? Una cookie es un fichero que [&hellip;]\" \/>\n<meta property=\"og:url\" content=\"https:\/\/puertasarse.com\/en\/cookie-policy\/\" \/>\n<meta property=\"og:site_name\" content=\"Puertas Arse\" \/>\n<meta property=\"article:modified_time\" content=\"2026-01-09T08:48:31+00:00\" \/>\n<meta name=\"twitter:card\" content=\"summary_large_image\" \/>\n<meta name=\"twitter:label1\" content=\"Estimated reading time\" \/>\n\t<meta name=\"twitter:data1\" content=\"4 minutes\" \/>\n<script type=\"application\/ld+json\" class=\"yoast-schema-graph\">{\"@context\":\"https:\/\/schema.org\",\"@graph\":[{\"@type\":\"WebPage\",\"@id\":\"https:\/\/puertasarse.com\/politica-de-cookies\/\",\"url\":\"https:\/\/puertasarse.com\/politica-de-cookies\/\",\"name\":\"Pol\u00edtica de Cookies - Puertas Arse\",\"isPartOf\":{\"@id\":\"https:\/\/puertasarse.com\/#website\"},\"datePublished\":\"2025-10-06T14:37:07+00:00\",\"dateModified\":\"2026-01-09T08:48:31+00:00\",\"breadcrumb\":{\"@id\":\"https:\/\/puertasarse.com\/politica-de-cookies\/#breadcrumb\"},\"inLanguage\":\"en-GB\",\"potentialAction\":[{\"@type\":\"ReadAction\",\"target\":[\"https:\/\/puertasarse.com\/politica-de-cookies\/\"]}]},{\"@type\":\"BreadcrumbList\",\"@id\":\"https:\/\/puertasarse.com\/politica-de-cookies\/#breadcrumb\",\"itemListElement\":[{\"@type\":\"ListItem\",\"position\":1,\"name\":\"Portada\",\"item\":\"https:\/\/puertasarse.com\/\"},{\"@type\":\"ListItem\",\"position\":2,\"name\":\"Pol\u00edtica de Cookies\"}]},{\"@type\":\"WebSite\",\"@id\":\"https:\/\/puertasarse.com\/#website\",\"url\":\"https:\/\/puertasarse.com\/\",\"name\":\"Puertas Arse\",\"description\":\"Fabricantes de Puertas de Madera\",\"publisher\":{\"@id\":\"https:\/\/puertasarse.com\/#organization\"},\"potentialAction\":[{\"@type\":\"SearchAction\",\"target\":{\"@type\":\"EntryPoint\",\"urlTemplate\":\"https:\/\/puertasarse.com\/?s={search_term_string}\"},\"query-input\":{\"@type\":\"PropertyValueSpecification\",\"valueRequired\":true,\"valueName\":\"search_term_string\"}}],\"inLanguage\":\"en-GB\"},{\"@type\":\"Organization\",\"@id\":\"https:\/\/puertasarse.com\/#organization\",\"name\":\"Puertas Arse\",\"url\":\"https:\/\/puertasarse.com\/\",\"logo\":{\"@type\":\"ImageObject\",\"inLanguage\":\"en-GB\",\"@id\":\"https:\/\/puertasarse.com\/#\/schema\/logo\/image\/\",\"url\":\"https:\/\/puertasarse.com\/wp-content\/uploads\/2025\/01\/Puertas-Arse-logo-60.png\",\"contentUrl\":\"https:\/\/puertasarse.com\/wp-content\/uploads\/2025\/01\/Puertas-Arse-logo-60.png\",\"width\":162,\"height\":60,\"caption\":\"Puertas Arse\"},\"image\":{\"@id\":\"https:\/\/puertasarse.com\/#\/schema\/logo\/image\/\"}}]}<\/script>\n<!-- \/ Yoast SEO plugin. -->","yoast_head_json":{"title":"Pol\u00edtica de Cookies - Puertas Arse","robots":{"index":"index","follow":"follow","max-snippet":"max-snippet:-1","max-image-preview":"max-image-preview:large","max-video-preview":"max-video-preview:-1"},"canonical":"https:\/\/puertasarse.com\/en\/cookie-policy\/","og_locale":"en_GB","og_type":"article","og_title":"Pol\u00edtica de Cookies - Puertas Arse","og_description":"En cumplimiento con lo dispuesto en el art\u00edculo 22.2 de la Ley 34\/2002, de 11 de julio, de Servicios de la Sociedad de la Informaci\u00f3n y de Comercio Electr\u00f3nico, esta p\u00e1gina web le informa, en esta secci\u00f3n, sobre la&nbsp;pol\u00edtica de recogida y tratamiento de cookies. \u00bfQu\u00e9 son las cookies? Una cookie es un fichero que [&hellip;]","og_url":"https:\/\/puertasarse.com\/en\/cookie-policy\/","og_site_name":"Puertas Arse","article_modified_time":"2026-01-09T08:48:31+00:00","twitter_card":"summary_large_image","twitter_misc":{"Estimated reading time":"4 minutes"},"schema":{"@context":"https:\/\/schema.org","@graph":[{"@type":"WebPage","@id":"https:\/\/puertasarse.com\/politica-de-cookies\/","url":"https:\/\/puertasarse.com\/politica-de-cookies\/","name":"Pol\u00edtica de Cookies - Puertas Arse","isPartOf":{"@id":"https:\/\/puertasarse.com\/#website"},"datePublished":"2025-10-06T14:37:07+00:00","dateModified":"2026-01-09T08:48:31+00:00","breadcrumb":{"@id":"https:\/\/puertasarse.com\/politica-de-cookies\/#breadcrumb"},"inLanguage":"en-GB","potentialAction":[{"@type":"ReadAction","target":["https:\/\/puertasarse.com\/politica-de-cookies\/"]}]},{"@type":"BreadcrumbList","@id":"https:\/\/puertasarse.com\/politica-de-cookies\/#breadcrumb","itemListElement":[{"@type":"ListItem","position":1,"name":"Portada","item":"https:\/\/puertasarse.com\/"},{"@type":"ListItem","position":2,"name":"Pol\u00edtica de Cookies"}]},{"@type":"WebSite","@id":"https:\/\/puertasarse.com\/#website","url":"https:\/\/puertasarse.com\/","name":"Puertas Arse","description":"Fabricantes de Puertas de Madera","publisher":{"@id":"https:\/\/puertasarse.com\/#organization"},"potentialAction":[{"@type":"SearchAction","target":{"@type":"EntryPoint","urlTemplate":"https:\/\/puertasarse.com\/?s={search_term_string}"},"query-input":{"@type":"PropertyValueSpecification","valueRequired":true,"valueName":"search_term_string"}}],"inLanguage":"en-GB"},{"@type":"Organization","@id":"https:\/\/puertasarse.com\/#organization","name":"Puertas Arse","url":"https:\/\/puertasarse.com\/","logo":{"@type":"ImageObject","inLanguage":"en-GB","@id":"https:\/\/puertasarse.com\/#\/schema\/logo\/image\/","url":"https:\/\/puertasarse.com\/wp-content\/uploads\/2025\/01\/Puertas-Arse-logo-60.png","contentUrl":"https:\/\/puertasarse.com\/wp-content\/uploads\/2025\/01\/Puertas-Arse-logo-60.png","width":162,"height":60,"caption":"Puertas Arse"},"image":{"@id":"https:\/\/puertasarse.com\/#\/schema\/logo\/image\/"}}]}},"_links":{"self":[{"href":"https:\/\/puertasarse.com\/en\/wp-json\/wp\/v2\/pages\/623","targetHints":{"allow":["GET"]}}],"collection":[{"href":"https:\/\/puertasarse.com\/en\/wp-json\/wp\/v2\/pages"}],"about":[{"href":"https:\/\/puertasarse.com\/en\/wp-json\/wp\/v2\/types\/page"}],"author":[{"embeddable":true,"href":"https:\/\/puertasarse.com\/en\/wp-json\/wp\/v2\/users\/2"}],"replies":[{"embeddable":true,"href":"https:\/\/puertasarse.com\/en\/wp-json\/wp\/v2\/comments?post=623"}],"version-history":[{"count":2,"href":"https:\/\/puertasarse.com\/en\/wp-json\/wp\/v2\/pages\/623\/revisions"}],"predecessor-version":[{"id":932,"href":"https:\/\/puertasarse.com\/en\/wp-json\/wp\/v2\/pages\/623\/revisions\/932"}],"wp:attachment":[{"href":"https:\/\/puertasarse.com\/en\/wp-json\/wp\/v2\/media?parent=623"}],"curies":[{"name":"wp","href":"https:\/\/api.w.org\/{rel}","templated":true}]}}