{"id":388,"date":"2025-01-13T22:07:29","date_gmt":"2025-01-13T22:07:29","guid":{"rendered":"https:\/\/puertasarse.com\/?page_id=388"},"modified":"2025-12-31T11:45:31","modified_gmt":"2025-12-31T10:45:31","slug":"contacto-puertas-arse-fabricantes-de-puertas-a-medida","status":"publish","type":"page","link":"https:\/\/puertasarse.com\/en\/contacto-puertas-arse-fabricantes-de-puertas-a-medida\/","title":{"rendered":"Contact us at"},"content":{"rendered":"<div data-elementor-type=\"wp-page\" data-elementor-id=\"388\" class=\"elementor elementor-388\" data-elementor-post-type=\"page\">\n\t\t\t\t<div class=\"elementor-element elementor-element-e1c1b48 e-flex e-con-boxed e-con e-parent\" data-id=\"e1c1b48\" data-element_type=\"container\" data-settings=\"{&quot;background_background&quot;:&quot;classic&quot;}\">\n\t\t\t\t\t<div class=\"e-con-inner\">\n\t\t<div class=\"elementor-element elementor-element-fdd022c e-con-full e-flex e-con e-child\" data-id=\"fdd022c\" data-element_type=\"container\">\n\t\t\t\t<div class=\"elementor-element elementor-element-762d56d elementor-widget elementor-widget-heading\" data-id=\"762d56d\" data-element_type=\"widget\" data-widget_type=\"heading.default\">\n\t\t\t\t<div class=\"elementor-widget-container\">\n\t\t\t\t\t<h1 class=\"elementor-heading-title elementor-size-default\">LET'S TALK<\/h1>\t\t\t\t<\/div>\n\t\t\t\t<\/div>\n\t\t\t\t<div class=\"elementor-element elementor-element-e4f6fcd elementor-widget elementor-widget-heading\" data-id=\"e4f6fcd\" data-element_type=\"widget\" data-widget_type=\"heading.default\">\n\t\t\t\t<div class=\"elementor-widget-container\">\n\t\t\t\t\t<p class=\"elementor-heading-title elementor-size-default\">Contact us at<\/p>\t\t\t\t<\/div>\n\t\t\t\t<\/div>\n\t\t\t\t<div class=\"elementor-element elementor-element-e2bbe8e elementor-widget elementor-widget-text-editor\" data-id=\"e2bbe8e\" data-element_type=\"widget\" data-widget_type=\"text-editor.default\">\n\t\t\t\t<div class=\"elementor-widget-container\">\n\t\t\t\t\t\t\t\t\t<p>Whether it's to arrange an appointment to visit us, get expert advice or discuss your requirements, we'd love to hear from you. Complete the form below or give us a call and we'll get back to you.<\/p>\t\t\t\t\t\t\t\t<\/div>\n\t\t\t\t<\/div>\n\t\t\t\t<\/div>\n\t\t\t\t\t<\/div>\n\t\t\t\t<\/div>\n\t\t<div class=\"elementor-element elementor-element-bbac96f e-flex e-con-boxed e-con e-parent\" data-id=\"bbac96f\" data-element_type=\"container\" data-settings=\"{&quot;background_background&quot;:&quot;classic&quot;}\">\n\t\t\t\t\t<div class=\"e-con-inner\">\n\t\t<div class=\"elementor-element elementor-element-da77a93 e-con-full e-flex e-con e-child\" data-id=\"da77a93\" data-element_type=\"container\">\n\t\t\t\t<div class=\"elementor-element elementor-element-25cf5b8 elementor-widget elementor-widget-heading\" data-id=\"25cf5b8\" data-element_type=\"widget\" data-widget_type=\"heading.default\">\n\t\t\t\t<div class=\"elementor-widget-container\">\n\t\t\t\t\t<h2 class=\"elementor-heading-title elementor-size-default\">SEND US YOUR ENQUIRY<\/h2>\t\t\t\t<\/div>\n\t\t\t\t<\/div>\n\t\t\t\t<div class=\"elementor-element elementor-element-eb37389 elementor-widget elementor-widget-text-editor\" data-id=\"eb37389\" data-element_type=\"widget\" data-widget_type=\"text-editor.default\">\n\t\t\t\t<div class=\"elementor-widget-container\">\n\t\t\t\t\t\t\t\t\t<p>We will get back to you as soon as possible<\/p>\t\t\t\t\t\t\t\t<\/div>\n\t\t\t\t<\/div>\n\t\t\t\t<div class=\"elementor-element elementor-element-464def1 elementor-button-align-stretch elementor-widget elementor-widget-form\" data-id=\"464def1\" data-element_type=\"widget\" data-settings=\"{&quot;step_next_label&quot;:&quot;Next&quot;,&quot;step_previous_label&quot;:&quot;Previous&quot;,&quot;button_width&quot;:&quot;100&quot;,&quot;step_type&quot;:&quot;number_text&quot;,&quot;step_icon_shape&quot;:&quot;circle&quot;}\" data-widget_type=\"form.default\">\n\t\t\t\t<div class=\"elementor-widget-container\">\n\t\t\t\t\t\t\t<form class=\"elementor-form\" method=\"post\" name=\"Formulario\" action=\"\">\n\t\t\t<input type=\"hidden\" name=\"post_id\" value=\"388\"\/>\n\t\t\t<input type=\"hidden\" name=\"form_id\" value=\"464def1\"\/>\n\t\t\t<input type=\"hidden\" name=\"referer_title\" value=\"Puertas Arse\" \/>\n\n\t\t\t\n\t\t\t<div class=\"elementor-form-fields-wrapper elementor-labels-above\">\n\t\t\t\t\t\t\t\t<div class=\"elementor-field-type-text elementor-field-group elementor-column elementor-field-group-name elementor-col-50\">\n\t\t\t\t\t\t\t\t\t\t\t\t\t<input size=\"1\" type=\"text\" name=\"form_fields[name]\" id=\"form-field-name\" class=\"elementor-field elementor-size-sm  elementor-field-textual\" placeholder=\"Name\">\n\t\t\t\t\t\t\t\t\t\t\t<\/div>\n\t\t\t\t\t\t\t\t<div class=\"elementor-field-type-tel elementor-field-group elementor-column elementor-field-group-field_3fcd808 elementor-col-50\">\n\t\t\t\t\t\t\t<input size=\"1\" type=\"tel\" name=\"form_fields[field_3fcd808]\" id=\"form-field-field_3fcd808\" class=\"elementor-field elementor-size-sm  elementor-field-textual\" placeholder=\"Telephone\" pattern=\"[0-9()#&amp;+*-=.]+\" title=\"Only numbers and phone characters (#, -, *, etc) are accepted.\">\n\n\t\t\t\t\t\t<\/div>\n\t\t\t\t\t\t\t\t<div class=\"elementor-field-type-email elementor-field-group elementor-column elementor-field-group-email elementor-col-50 elementor-field-required\">\n\t\t\t\t\t\t\t\t\t\t\t\t\t<input size=\"1\" type=\"email\" name=\"form_fields[email]\" id=\"form-field-email\" class=\"elementor-field elementor-size-sm  elementor-field-textual\" placeholder=\"E-mail address\" required=\"required\" aria-required=\"true\">\n\t\t\t\t\t\t\t\t\t\t\t<\/div>\n\t\t\t\t\t\t\t\t<div class=\"elementor-field-type-text elementor-field-group elementor-column elementor-field-group-field_3754a91 elementor-col-50 elementor-field-required\">\n\t\t\t\t\t\t\t\t\t\t\t\t\t<input size=\"1\" type=\"text\" name=\"form_fields[field_3754a91]\" id=\"form-field-field_3754a91\" class=\"elementor-field elementor-size-sm  elementor-field-textual\" placeholder=\"Location\" required=\"required\" aria-required=\"true\">\n\t\t\t\t\t\t\t\t\t\t\t<\/div>\n\t\t\t\t\t\t\t\t<div class=\"elementor-field-type-text elementor-field-group elementor-column elementor-field-group-field_3578367 elementor-col-100 elementor-field-required\">\n\t\t\t\t\t\t\t\t\t\t\t\t\t<input size=\"1\" type=\"text\" name=\"form_fields[field_3578367]\" id=\"form-field-field_3578367\" class=\"elementor-field elementor-size-sm  elementor-field-textual\" placeholder=\"Company\" required=\"required\" aria-required=\"true\">\n\t\t\t\t\t\t\t\t\t\t\t<\/div>\n\t\t\t\t\t\t\t\t<div class=\"elementor-field-type-text elementor-field-group elementor-column elementor-field-group-field_f5827be elementor-col-100 elementor-field-required\">\n\t\t\t\t\t\t\t\t\t\t\t\t\t<input size=\"1\" type=\"text\" name=\"form_fields[field_f5827be]\" id=\"form-field-field_f5827be\" class=\"elementor-field elementor-size-sm  elementor-field-textual\" placeholder=\"Sector of activity\" required=\"required\" aria-required=\"true\">\n\t\t\t\t\t\t\t\t\t\t\t<\/div>\n\t\t\t\t\t\t\t\t<div class=\"elementor-field-type-textarea elementor-field-group elementor-column elementor-field-group-field_129c29a elementor-col-100\">\n\t\t\t\t\t<textarea class=\"elementor-field-textual elementor-field  elementor-size-sm\" name=\"form_fields[field_129c29a]\" id=\"form-field-field_129c29a\" rows=\"4\" placeholder=\"Message\"><\/textarea>\t\t\t\t<\/div>\n\t\t\t\t\t\t\t\t<div class=\"elementor-field-type-checkbox elementor-field-group elementor-column elementor-field-group-field_6a94351 elementor-col-100\">\n\t\t\t\t\t<div class=\"elementor-field-subgroup\"><span class=\"elementor-field-option\"><input type=\"checkbox\" value=\"He le\u00eddo y estoy de acuerdo con los\u00a0t\u00e9rminos y condiciones\u00a0de la web\" id=\"form-field-field_6a94351-0\" name=\"form_fields[field_6a94351]\"> <label for=\"form-field-field_6a94351-0\">I have read and agree to the terms and conditions of the website.<\/label><\/span><\/div>\t\t\t\t<\/div>\n\t\t\t\t\t\t\t\t<div class=\"elementor-field-group elementor-column elementor-field-type-submit elementor-col-100 e-form__buttons\">\n\t\t\t\t\t<button class=\"elementor-button elementor-size-sm\" type=\"submit\">\n\t\t\t\t\t\t<span class=\"elementor-button-content-wrapper\">\n\t\t\t\t\t\t\t\t\t\t\t\t\t\t\t\t\t\t\t\t\t\t<span class=\"elementor-button-text\">Send Message<\/span>\n\t\t\t\t\t\t\t\t\t\t\t\t\t<\/span>\n\t\t\t\t\t<\/button>\n\t\t\t\t<\/div>\n\t\t\t<\/div>\n\t\t<input type=\"hidden\" name=\"trp-form-language\" value=\"en\"\/><\/form>\n\t\t\t\t\t\t<\/div>\n\t\t\t\t<\/div>\n\t\t\t\t<\/div>\n\t\t<div class=\"elementor-element elementor-element-cf75e33 e-con-full e-flex e-con e-child\" data-id=\"cf75e33\" data-element_type=\"container\">\n\t\t<div class=\"elementor-element elementor-element-33928fa e-con-full e-flex e-con e-child\" data-id=\"33928fa\" data-element_type=\"container\">\n\t\t<div class=\"elementor-element elementor-element-a1b9d47 e-con-full e-flex e-con e-child\" data-id=\"a1b9d47\" data-element_type=\"container\">\n\t\t\t\t<div class=\"elementor-element elementor-element-432a891 elementor-widget elementor-widget-heading\" data-id=\"432a891\" data-element_type=\"widget\" data-widget_type=\"heading.default\">\n\t\t\t\t<div class=\"elementor-widget-container\">\n\t\t\t\t\t<div class=\"elementor-heading-title elementor-size-default\">Contact us at<\/div>\t\t\t\t<\/div>\n\t\t\t\t<\/div>\n\t\t\t\t<div class=\"elementor-element elementor-element-550abad elementor-icon-list--layout-traditional elementor-list-item-link-full_width elementor-widget elementor-widget-icon-list\" data-id=\"550abad\" data-element_type=\"widget\" data-widget_type=\"icon-list.default\">\n\t\t\t\t<div class=\"elementor-widget-container\">\n\t\t\t\t\t\t\t<ul class=\"elementor-icon-list-items\">\n\t\t\t\t\t\t\t<li class=\"elementor-icon-list-item\">\n\t\t\t\t\t\t\t\t\t\t\t<span class=\"elementor-icon-list-icon\">\n\t\t\t\t\t\t\t<svg aria-hidden=\"true\" class=\"e-font-icon-svg e-fas-phone-alt\" viewbox=\"0 0 512 512\" xmlns=\"http:\/\/www.w3.org\/2000\/svg\"><path d=\"M497.39 361.8l-112-48a24 24 0 0 0-28 6.9l-49.6 60.6A370.66 370.66 0 0 1 130.6 204.11l60.6-49.6a23.94 23.94 0 0 0 6.9-28l-48-112A24.16 24.16 0 0 0 122.6.61l-104 24A24 24 0 0 0 0 48c0 256.5 207.9 464 464 464a24 24 0 0 0 23.4-18.6l24-104a24.29 24.29 0 0 0-14.01-27.6z\"><\/path><\/svg>\t\t\t\t\t\t<\/span>\n\t\t\t\t\t\t\t\t\t\t<span class=\"elementor-icon-list-text\">957 606 645 - 957 607 505 <\/span>\n\t\t\t\t\t\t\t\t\t<\/li>\n\t\t\t\t\t\t\t\t<li class=\"elementor-icon-list-item\">\n\t\t\t\t\t\t\t\t\t\t\t<span class=\"elementor-icon-list-icon\">\n\t\t\t\t\t\t\t<svg aria-hidden=\"true\" class=\"e-font-icon-svg e-far-envelope\" viewbox=\"0 0 512 512\" xmlns=\"http:\/\/www.w3.org\/2000\/svg\"><path d=\"M464 64H48C21.49 64 0 85.49 0 112v288c0 26.51 21.49 48 48 48h416c26.51 0 48-21.49 48-48V112c0-26.51-21.49-48-48-48zm0 48v40.805c-22.422 18.259-58.168 46.651-134.587 106.49-16.841 13.247-50.201 45.072-73.413 44.701-23.208.375-56.579-31.459-73.413-44.701C106.18 199.465 70.425 171.067 48 152.805V112h416zM48 400V214.398c22.914 18.251 55.409 43.862 104.938 82.646 21.857 17.205 60.134 55.186 103.062 54.955 42.717.231 80.509-37.199 103.053-54.947 49.528-38.783 82.032-64.401 104.947-82.653V400H48z\"><\/path><\/svg>\t\t\t\t\t\t<\/span>\n\t\t\t\t\t\t\t\t\t\t<span class=\"elementor-icon-list-text\">info@puertasarse.com<\/span>\n\t\t\t\t\t\t\t\t\t<\/li>\n\t\t\t\t\t\t<\/ul>\n\t\t\t\t\t\t<\/div>\n\t\t\t\t<\/div>\n\t\t\t\t<\/div>\n\t\t<div class=\"elementor-element elementor-element-b007973 e-con-full e-flex e-con e-child\" data-id=\"b007973\" data-element_type=\"container\">\n\t\t\t\t<div class=\"elementor-element elementor-element-3558744 elementor-widget elementor-widget-heading\" data-id=\"3558744\" data-element_type=\"widget\" data-widget_type=\"heading.default\">\n\t\t\t\t<div class=\"elementor-widget-container\">\n\t\t\t\t\t<div class=\"elementor-heading-title elementor-size-default\">OPENING HOURS<\/div>\t\t\t\t<\/div>\n\t\t\t\t<\/div>\n\t\t\t\t<div class=\"elementor-element elementor-element-f7d290e elementor-icon-list--layout-traditional elementor-list-item-link-full_width elementor-widget elementor-widget-icon-list\" data-id=\"f7d290e\" data-element_type=\"widget\" data-widget_type=\"icon-list.default\">\n\t\t\t\t<div class=\"elementor-widget-container\">\n\t\t\t\t\t\t\t<ul class=\"elementor-icon-list-items\">\n\t\t\t\t\t\t\t<li class=\"elementor-icon-list-item\">\n\t\t\t\t\t\t\t\t\t\t\t<span class=\"elementor-icon-list-icon\">\n\t\t\t\t\t\t\t<svg aria-hidden=\"true\" class=\"e-font-icon-svg e-far-clock\" viewbox=\"0 0 512 512\" xmlns=\"http:\/\/www.w3.org\/2000\/svg\"><path d=\"M256 8C119 8 8 119 8 256s111 248 248 248 248-111 248-248S393 8 256 8zm0 448c-110.5 0-200-89.5-200-200S145.5 56 256 56s200 89.5 200 200-89.5 200-200 200zm61.8-104.4l-84.9-61.7c-3.1-2.3-4.9-5.9-4.9-9.7V116c0-6.6 5.4-12 12-12h32c6.6 0 12 5.4 12 12v141.7l66.8 48.6c5.4 3.9 6.5 11.4 2.6 16.8L334.6 349c-3.9 5.3-11.4 6.5-16.8 2.6z\"><\/path><\/svg>\t\t\t\t\t\t<\/span>\n\t\t\t\t\t\t\t\t\t\t<span class=\"elementor-icon-list-text\">Mon - Fri (08:30 - 17:00)<\/span>\n\t\t\t\t\t\t\t\t\t<\/li>\n\t\t\t\t\t\t\t\t<li class=\"elementor-icon-list-item\">\n\t\t\t\t\t\t\t\t\t\t<span class=\"elementor-icon-list-text\">Sat-Sun (Closed)<\/span>\n\t\t\t\t\t\t\t\t\t<\/li>\n\t\t\t\t\t\t<\/ul>\n\t\t\t\t\t\t<\/div>\n\t\t\t\t<\/div>\n\t\t\t\t<\/div>\n\t\t\t\t<\/div>\n\t\t\t\t<div class=\"elementor-element elementor-element-4e46091 elementor-widget-divider--view-line elementor-widget elementor-widget-divider\" data-id=\"4e46091\" data-element_type=\"widget\" data-widget_type=\"divider.default\">\n\t\t\t\t<div class=\"elementor-widget-container\">\n\t\t\t\t\t\t\t<div class=\"elementor-divider\">\n\t\t\t<span class=\"elementor-divider-separator\">\n\t\t\t\t\t\t<\/span>\n\t\t<\/div>\n\t\t\t\t\t\t<\/div>\n\t\t\t\t<\/div>\n\t\t<div class=\"elementor-element elementor-element-a9e1421 e-con-full e-flex e-con e-child\" data-id=\"a9e1421\" data-element_type=\"container\" data-settings=\"{&quot;background_background&quot;:&quot;classic&quot;}\">\n\t\t\t\t<div class=\"elementor-element elementor-element-9d1f8ef elementor-widget elementor-widget-heading\" data-id=\"9d1f8ef\" data-element_type=\"widget\" data-widget_type=\"heading.default\">\n\t\t\t\t<div class=\"elementor-widget-container\">\n\t\t\t\t\t<h2 class=\"elementor-heading-title elementor-size-default\">Our factory in Madrid<\/h2>\t\t\t\t<\/div>\n\t\t\t\t<\/div>\n\t\t\t\t<div class=\"elementor-element elementor-element-a81029b elementor-icon-list--layout-traditional elementor-list-item-link-full_width elementor-widget elementor-widget-icon-list\" data-id=\"a81029b\" data-element_type=\"widget\" data-widget_type=\"icon-list.default\">\n\t\t\t\t<div class=\"elementor-widget-container\">\n\t\t\t\t\t\t\t<ul class=\"elementor-icon-list-items\">\n\t\t\t\t\t\t\t<li class=\"elementor-icon-list-item\">\n\t\t\t\t\t\t\t\t\t\t\t<span class=\"elementor-icon-list-icon\">\n\t\t\t\t\t\t\t<svg aria-hidden=\"true\" class=\"e-font-icon-svg e-fas-map-marker-alt\" viewbox=\"0 0 384 512\" xmlns=\"http:\/\/www.w3.org\/2000\/svg\"><path d=\"M172.268 501.67C26.97 291.031 0 269.413 0 192 0 85.961 85.961 0 192 0s192 85.961 192 192c0 77.413-26.97 99.031-172.268 309.67-9.535 13.774-29.93 13.773-39.464 0zM192 272c44.183 0 80-35.817 80-80s-35.817-80-80-80-80 35.817-80 80 35.817 80 80 80z\"><\/path><\/svg>\t\t\t\t\t\t<\/span>\n\t\t\t\t\t\t\t\t\t\t<span class=\"elementor-icon-list-text\">Anzur De Molduras S L <\/span>\n\t\t\t\t\t\t\t\t\t<\/li>\n\t\t\t\t\t\t\t\t<li class=\"elementor-icon-list-item\">\n\t\t\t\t\t\t\t\t\t\t<span class=\"elementor-icon-list-text\">Urb. Las Paloma, 15, 14500 Puente Genil, Cordoba<\/span>\n\t\t\t\t\t\t\t\t\t<\/li>\n\t\t\t\t\t\t<\/ul>\n\t\t\t\t\t\t<\/div>\n\t\t\t\t<\/div>\n\t\t\t\t<div class=\"elementor-element elementor-element-e0f2658 elementor-widget elementor-widget-google_maps\" data-id=\"e0f2658\" data-element_type=\"widget\" data-widget_type=\"google_maps.default\">\n\t\t\t\t<div class=\"elementor-widget-container\">\n\t\t\t\t\t\t\t<div class=\"elementor-custom-embed\">\n\t\t\t<iframe loading=\"lazy\"\n\t\t\t\t\tsrc=\"https:\/\/maps.google.com\/maps?q=Urb.%20Las%20Paloma%2C%2015%2C%2014500%20Puente%20Genil%2C%20C%C3%B3rdoba&#038;t=m&#038;z=16&#038;output=embed&#038;iwloc=near\"\n\t\t\t\t\ttitle=\"Urb. Las Paloma, 15, 14500 Puente Genil, Cordoba\"\n\t\t\t\t\taria-label=\"Urb. Las Paloma, 15, 14500 Puente Genil, Cordoba\"\n\t\t\t><\/iframe>\n\t\t<\/div>\n\t\t\t\t\t\t<\/div>\n\t\t\t\t<\/div>\n\t\t\t\t<\/div>\n\t\t\t\t<\/div>\n\t\t\t\t\t<\/div>\n\t\t\t\t<\/div>\n\t\t\t\t<\/div>","protected":false},"excerpt":{"rendered":"<p>HABLEMOS Cont\u00e1ctenos Ya sea para concertar una cita para visitarnos, obtener asesoramiento de expertos o hablar sobre sus requisitos, nos encantar\u00eda saber de usted. Complete el formulario a continuaci\u00f3n o ll\u00e1menos y nos comunicaremos con usted. ENV\u00cdENOS SU CONSULTA Le responderemos con la mayor brevedad posible Contactarnos 957 606 645 &#8211; 957 607 505 info@puertasarse.com [&hellip;]<\/p>","protected":false},"author":2,"featured_media":0,"parent":0,"menu_order":0,"comment_status":"closed","ping_status":"closed","template":"","meta":{"_acf_changed":false,"footnotes":""},"class_list":["post-388","page","type-page","status-publish","hentry"],"acf":[],"yoast_head":"<!-- This site is optimized with the Yoast SEO plugin v26.6 - https:\/\/yoast.com\/wordpress\/plugins\/seo\/ -->\n<title>Cont\u00e1ctenos - Puertas Arse<\/title>\n<meta name=\"description\" content=\"Contacta con Puertas Arse, fabricantes de puertas a medida para profesionales. Informaci\u00f3n t\u00e9cnica, colaboraci\u00f3n y proyectos personalizados.\" \/>\n<meta name=\"robots\" content=\"index, follow, max-snippet:-1, max-image-preview:large, max-video-preview:-1\" \/>\n<link rel=\"canonical\" href=\"https:\/\/puertasarse.com\/en\/contacto-puertas-arse-fabricantes-de-puertas-a-medida\/\" \/>\n<meta property=\"og:locale\" content=\"en_GB\" \/>\n<meta property=\"og:type\" content=\"article\" \/>\n<meta property=\"og:title\" content=\"Cont\u00e1ctenos - Puertas Arse\" \/>\n<meta property=\"og:description\" content=\"Contacta con Puertas Arse, fabricantes de puertas a medida para profesionales. Informaci\u00f3n t\u00e9cnica, colaboraci\u00f3n y proyectos personalizados.\" \/>\n<meta property=\"og:url\" content=\"https:\/\/puertasarse.com\/en\/contacto-puertas-arse-fabricantes-de-puertas-a-medida\/\" \/>\n<meta property=\"og:site_name\" content=\"Puertas Arse\" \/>\n<meta property=\"article:modified_time\" content=\"2025-12-31T10:45:31+00:00\" \/>\n<meta name=\"twitter:card\" content=\"summary_large_image\" \/>\n<meta name=\"twitter:label1\" content=\"Estimated reading time\" \/>\n\t<meta name=\"twitter:data1\" content=\"1 minute\" \/>\n<script type=\"application\/ld+json\" class=\"yoast-schema-graph\">{\"@context\":\"https:\/\/schema.org\",\"@graph\":[{\"@type\":\"WebPage\",\"@id\":\"https:\/\/puertasarse.com\/contacto-puertas-arse-fabricantes-de-puertas-a-medida\/\",\"url\":\"https:\/\/puertasarse.com\/contacto-puertas-arse-fabricantes-de-puertas-a-medida\/\",\"name\":\"Cont\u00e1ctenos - Puertas Arse\",\"isPartOf\":{\"@id\":\"https:\/\/puertasarse.com\/#website\"},\"datePublished\":\"2025-01-13T22:07:29+00:00\",\"dateModified\":\"2025-12-31T10:45:31+00:00\",\"description\":\"Contacta con Puertas Arse, fabricantes de puertas a medida para profesionales. Informaci\u00f3n t\u00e9cnica, colaboraci\u00f3n y proyectos personalizados.\",\"breadcrumb\":{\"@id\":\"https:\/\/puertasarse.com\/contacto-puertas-arse-fabricantes-de-puertas-a-medida\/#breadcrumb\"},\"inLanguage\":\"en-GB\",\"potentialAction\":[{\"@type\":\"ReadAction\",\"target\":[\"https:\/\/puertasarse.com\/contacto-puertas-arse-fabricantes-de-puertas-a-medida\/\"]}]},{\"@type\":\"BreadcrumbList\",\"@id\":\"https:\/\/puertasarse.com\/contacto-puertas-arse-fabricantes-de-puertas-a-medida\/#breadcrumb\",\"itemListElement\":[{\"@type\":\"ListItem\",\"position\":1,\"name\":\"Portada\",\"item\":\"https:\/\/puertasarse.com\/\"},{\"@type\":\"ListItem\",\"position\":2,\"name\":\"Cont\u00e1ctenos\"}]},{\"@type\":\"WebSite\",\"@id\":\"https:\/\/puertasarse.com\/#website\",\"url\":\"https:\/\/puertasarse.com\/\",\"name\":\"Puertas Arse\",\"description\":\"Fabricantes de Puertas de Madera\",\"publisher\":{\"@id\":\"https:\/\/puertasarse.com\/#organization\"},\"potentialAction\":[{\"@type\":\"SearchAction\",\"target\":{\"@type\":\"EntryPoint\",\"urlTemplate\":\"https:\/\/puertasarse.com\/?s={search_term_string}\"},\"query-input\":{\"@type\":\"PropertyValueSpecification\",\"valueRequired\":true,\"valueName\":\"search_term_string\"}}],\"inLanguage\":\"en-GB\"},{\"@type\":\"Organization\",\"@id\":\"https:\/\/puertasarse.com\/#organization\",\"name\":\"Puertas Arse\",\"url\":\"https:\/\/puertasarse.com\/\",\"logo\":{\"@type\":\"ImageObject\",\"inLanguage\":\"en-GB\",\"@id\":\"https:\/\/puertasarse.com\/#\/schema\/logo\/image\/\",\"url\":\"https:\/\/puertasarse.com\/wp-content\/uploads\/2025\/01\/Puertas-Arse-logo-60.png\",\"contentUrl\":\"https:\/\/puertasarse.com\/wp-content\/uploads\/2025\/01\/Puertas-Arse-logo-60.png\",\"width\":162,\"height\":60,\"caption\":\"Puertas Arse\"},\"image\":{\"@id\":\"https:\/\/puertasarse.com\/#\/schema\/logo\/image\/\"}}]}<\/script>\n<!-- \/ Yoast SEO plugin. -->","yoast_head_json":{"title":"Cont\u00e1ctenos - Puertas Arse","description":"Contacta con Puertas Arse, fabricantes de puertas a medida para profesionales. Informaci\u00f3n t\u00e9cnica, colaboraci\u00f3n y proyectos personalizados.","robots":{"index":"index","follow":"follow","max-snippet":"max-snippet:-1","max-image-preview":"max-image-preview:large","max-video-preview":"max-video-preview:-1"},"canonical":"https:\/\/puertasarse.com\/en\/contacto-puertas-arse-fabricantes-de-puertas-a-medida\/","og_locale":"en_GB","og_type":"article","og_title":"Cont\u00e1ctenos - Puertas Arse","og_description":"Contacta con Puertas Arse, fabricantes de puertas a medida para profesionales. Informaci\u00f3n t\u00e9cnica, colaboraci\u00f3n y proyectos personalizados.","og_url":"https:\/\/puertasarse.com\/en\/contacto-puertas-arse-fabricantes-de-puertas-a-medida\/","og_site_name":"Puertas Arse","article_modified_time":"2025-12-31T10:45:31+00:00","twitter_card":"summary_large_image","twitter_misc":{"Estimated reading time":"1 minute"},"schema":{"@context":"https:\/\/schema.org","@graph":[{"@type":"WebPage","@id":"https:\/\/puertasarse.com\/contacto-puertas-arse-fabricantes-de-puertas-a-medida\/","url":"https:\/\/puertasarse.com\/contacto-puertas-arse-fabricantes-de-puertas-a-medida\/","name":"Cont\u00e1ctenos - Puertas Arse","isPartOf":{"@id":"https:\/\/puertasarse.com\/#website"},"datePublished":"2025-01-13T22:07:29+00:00","dateModified":"2025-12-31T10:45:31+00:00","description":"Contacta con Puertas Arse, fabricantes de puertas a medida para profesionales. Informaci\u00f3n t\u00e9cnica, colaboraci\u00f3n y proyectos personalizados.","breadcrumb":{"@id":"https:\/\/puertasarse.com\/contacto-puertas-arse-fabricantes-de-puertas-a-medida\/#breadcrumb"},"inLanguage":"en-GB","potentialAction":[{"@type":"ReadAction","target":["https:\/\/puertasarse.com\/contacto-puertas-arse-fabricantes-de-puertas-a-medida\/"]}]},{"@type":"BreadcrumbList","@id":"https:\/\/puertasarse.com\/contacto-puertas-arse-fabricantes-de-puertas-a-medida\/#breadcrumb","itemListElement":[{"@type":"ListItem","position":1,"name":"Portada","item":"https:\/\/puertasarse.com\/"},{"@type":"ListItem","position":2,"name":"Cont\u00e1ctenos"}]},{"@type":"WebSite","@id":"https:\/\/puertasarse.com\/#website","url":"https:\/\/puertasarse.com\/","name":"Puertas Arse","description":"Fabricantes de Puertas de Madera","publisher":{"@id":"https:\/\/puertasarse.com\/#organization"},"potentialAction":[{"@type":"SearchAction","target":{"@type":"EntryPoint","urlTemplate":"https:\/\/puertasarse.com\/?s={search_term_string}"},"query-input":{"@type":"PropertyValueSpecification","valueRequired":true,"valueName":"search_term_string"}}],"inLanguage":"en-GB"},{"@type":"Organization","@id":"https:\/\/puertasarse.com\/#organization","name":"Puertas Arse","url":"https:\/\/puertasarse.com\/","logo":{"@type":"ImageObject","inLanguage":"en-GB","@id":"https:\/\/puertasarse.com\/#\/schema\/logo\/image\/","url":"https:\/\/puertasarse.com\/wp-content\/uploads\/2025\/01\/Puertas-Arse-logo-60.png","contentUrl":"https:\/\/puertasarse.com\/wp-content\/uploads\/2025\/01\/Puertas-Arse-logo-60.png","width":162,"height":60,"caption":"Puertas Arse"},"image":{"@id":"https:\/\/puertasarse.com\/#\/schema\/logo\/image\/"}}]}},"_links":{"self":[{"href":"https:\/\/puertasarse.com\/en\/wp-json\/wp\/v2\/pages\/388","targetHints":{"allow":["GET"]}}],"collection":[{"href":"https:\/\/puertasarse.com\/en\/wp-json\/wp\/v2\/pages"}],"about":[{"href":"https:\/\/puertasarse.com\/en\/wp-json\/wp\/v2\/types\/page"}],"author":[{"embeddable":true,"href":"https:\/\/puertasarse.com\/en\/wp-json\/wp\/v2\/users\/2"}],"replies":[{"embeddable":true,"href":"https:\/\/puertasarse.com\/en\/wp-json\/wp\/v2\/comments?post=388"}],"version-history":[{"count":31,"href":"https:\/\/puertasarse.com\/en\/wp-json\/wp\/v2\/pages\/388\/revisions"}],"predecessor-version":[{"id":423,"href":"https:\/\/puertasarse.com\/en\/wp-json\/wp\/v2\/pages\/388\/revisions\/423"}],"wp:attachment":[{"href":"https:\/\/puertasarse.com\/en\/wp-json\/wp\/v2\/media?parent=388"}],"curies":[{"name":"wp","href":"https:\/\/api.w.org\/{rel}","templated":true}]}}