{"id":274,"date":"2025-01-13T21:14:04","date_gmt":"2025-01-13T21:14:04","guid":{"rendered":"https:\/\/puertasarse.com\/?page_id=274"},"modified":"2025-12-31T11:44:43","modified_gmt":"2025-12-31T10:44:43","slug":"blog","status":"publish","type":"page","link":"https:\/\/puertasarse.com\/en\/blog\/","title":{"rendered":"Blog"},"content":{"rendered":"<div data-elementor-type=\"wp-page\" data-elementor-id=\"274\" class=\"elementor elementor-274\" data-elementor-post-type=\"page\">\n\t\t\t\t<div class=\"elementor-element elementor-element-44fac64 e-flex e-con-boxed e-con e-parent\" data-id=\"44fac64\" data-element_type=\"container\" data-settings=\"{&quot;background_background&quot;:&quot;classic&quot;}\">\n\t\t\t\t\t<div class=\"e-con-inner\">\n\t\t<div class=\"elementor-element elementor-element-888e2d4 e-con-full e-flex e-con e-child\" data-id=\"888e2d4\" data-element_type=\"container\">\n\t\t\t\t<div class=\"elementor-element elementor-element-85148e9 elementor-widget elementor-widget-heading\" data-id=\"85148e9\" data-element_type=\"widget\" data-widget_type=\"heading.default\">\n\t\t\t\t<div class=\"elementor-widget-container\">\n\t\t\t\t\t<h1 class=\"elementor-heading-title elementor-size-default\">OUR BLOG<\/h1>\t\t\t\t<\/div>\n\t\t\t\t<\/div>\n\t\t\t\t<div class=\"elementor-element elementor-element-4b60a08 elementor-widget elementor-widget-heading\" data-id=\"4b60a08\" data-element_type=\"widget\" data-widget_type=\"heading.default\">\n\t\t\t\t<div class=\"elementor-widget-container\">\n\t\t\t\t\t<p class=\"elementor-heading-title elementor-size-default\">blog puerta arse<\/p>\t\t\t\t<\/div>\n\t\t\t\t<\/div>\n\t\t\t\t<div class=\"elementor-element elementor-element-bfac56e elementor-widget elementor-widget-text-editor\" data-id=\"bfac56e\" data-element_type=\"widget\" data-widget_type=\"text-editor.default\">\n\t\t\t\t<div class=\"elementor-widget-container\">\n\t\t\t\t\t\t\t\t\t<p>Consult all the news surrounding the company to choose the doors for your home. Advice and reports on technology, decoration, construction and trends in the world of wood.<\/p>\t\t\t\t\t\t\t\t<\/div>\n\t\t\t\t<\/div>\n\t\t\t\t<\/div>\n\t\t\t\t\t<\/div>\n\t\t\t\t<\/div>\n\t\t<div class=\"elementor-element elementor-element-2e204bb e-flex e-con-boxed e-con e-parent\" data-id=\"2e204bb\" data-element_type=\"container\">\n\t\t\t\t\t<div class=\"e-con-inner\">\n\t\t\t\t<div class=\"elementor-element elementor-element-f22a1ed elementor-widget elementor-widget-taxonomy-filter\" data-id=\"f22a1ed\" data-element_type=\"widget\" data-settings=\"{&quot;taxonomy&quot;:&quot;category&quot;,&quot;selected_element&quot;:&quot;0f7cce0&quot;,&quot;multiple_selection&quot;:&quot;no&quot;,&quot;horizontal_scroll&quot;:&quot;disable&quot;}\" data-widget_type=\"taxonomy-filter.default\">\n\t\t\t\t<div class=\"elementor-widget-container\">\n\t\t\t\t\t\t\t<search class=\"e-filter\" role=\"search\" data-base-url=\"https:\/\/puertasarse.com\/en\/\" data-page-num=\"1\">\n\t\t\t\t\t\t\t<button class=\"e-filter-item\" data-filter=\"puertas-interior\" aria-pressed=\"false\">Interior Doors<\/button>\n\t\t\t\n\t\t\t\t\t\t\t\t\t<button class=\"e-filter-item\" data-filter=\"__all\" aria-pressed=\"true\">\n\t\t\t\tShow all\t\t\t<\/button>\n\t\t\t\t\t<\/search>\n\t\t\t\t\t\t<\/div>\n\t\t\t\t<\/div>\n\t\t\t\t\t<\/div>\n\t\t\t\t<\/div>\n\t\t<div class=\"elementor-element elementor-element-43eed56 e-flex e-con-boxed e-con e-parent\" data-id=\"43eed56\" data-element_type=\"container\" data-settings=\"{&quot;background_background&quot;:&quot;classic&quot;}\">\n\t\t\t\t\t<div class=\"e-con-inner\">\n\t\t\t\t<div class=\"elementor-element elementor-element-0f7cce0 elementor-grid-3 elementor-grid-tablet-2 elementor-grid-mobile-1 elementor-widget elementor-widget-loop-grid\" data-id=\"0f7cce0\" data-element_type=\"widget\" data-settings=\"{&quot;template_id&quot;:276,&quot;_skin&quot;:&quot;post&quot;,&quot;columns&quot;:&quot;3&quot;,&quot;columns_tablet&quot;:&quot;2&quot;,&quot;columns_mobile&quot;:&quot;1&quot;,&quot;edit_handle_selector&quot;:&quot;[data-elementor-type=\\&quot;loop-item\\&quot;]&quot;,&quot;row_gap&quot;:{&quot;unit&quot;:&quot;px&quot;,&quot;size&quot;:&quot;&quot;,&quot;sizes&quot;:[]},&quot;row_gap_tablet&quot;:{&quot;unit&quot;:&quot;px&quot;,&quot;size&quot;:&quot;&quot;,&quot;sizes&quot;:[]},&quot;row_gap_mobile&quot;:{&quot;unit&quot;:&quot;px&quot;,&quot;size&quot;:&quot;&quot;,&quot;sizes&quot;:[]}}\" data-widget_type=\"loop-grid.post\">\n\t\t\t\t<div class=\"elementor-widget-container\">\n\t\t\t\t\t\t\t<div class=\"elementor-loop-container elementor-grid\">\n\t\t<style id=\"loop-276\">.elementor-276 .elementor-element.elementor-element-f5c8091{--display:flex;--flex-direction:column;--container-widget-width:100%;--container-widget-height:initial;--container-widget-flex-grow:0;--container-widget-align-self:initial;--flex-wrap-mobile:wrap;--gap:0px 0px;--row-gap:0px;--column-gap:0px;--margin-top:0px;--margin-bottom:0px;--margin-left:0px;--margin-right:0px;--padding-top:0px;--padding-bottom:0px;--padding-left:0px;--padding-right:0px;}.elementor-276 .elementor-element.elementor-element-f5c8091:not(.elementor-motion-effects-element-type-background), .elementor-276 .elementor-element.elementor-element-f5c8091 > .elementor-motion-effects-container > .elementor-motion-effects-layer{background-color:var( --e-global-color-secondary );}.elementor-276 .elementor-element.elementor-element-1ab0a59{--display:flex;--min-height:230px;}.elementor-276 .elementor-element.elementor-element-1ab0a59:not(.elementor-motion-effects-element-type-background), .elementor-276 .elementor-element.elementor-element-1ab0a59 > .elementor-motion-effects-container > .elementor-motion-effects-layer{background-image:url(\"https:\/\/puertasarse.com\/wp-content\/uploads\/2025\/01\/puertas_bisagras.webp\");background-position:center center;background-repeat:no-repeat;background-size:cover;}.elementor-276 .elementor-element.elementor-element-cd24b65{--display:flex;}.elementor-widget-post-info .elementor-icon-list-item:not(:last-child):after{border-color:var( --e-global-color-text );}.elementor-widget-post-info .elementor-icon-list-icon i{color:var( --e-global-color-primary );}.elementor-widget-post-info .elementor-icon-list-icon svg{fill:var( --e-global-color-primary );}.elementor-widget-post-info .elementor-icon-list-text, .elementor-widget-post-info .elementor-icon-list-text a{color:var( --e-global-color-secondary );}.elementor-widget-post-info .elementor-icon-list-item{font-family:var( --e-global-typography-text-font-family ), Sans-serif;font-weight:var( --e-global-typography-text-font-weight );}.elementor-276 .elementor-element.elementor-element-06ffbda .elementor-icon-list-items:not(.elementor-inline-items) .elementor-icon-list-item:not(:last-child){padding-bottom:calc(16px\/2);}.elementor-276 .elementor-element.elementor-element-06ffbda .elementor-icon-list-items:not(.elementor-inline-items) .elementor-icon-list-item:not(:first-child){margin-top:calc(16px\/2);}.elementor-276 .elementor-element.elementor-element-06ffbda .elementor-icon-list-items.elementor-inline-items .elementor-icon-list-item{margin-right:calc(16px\/2);margin-left:calc(16px\/2);}.elementor-276 .elementor-element.elementor-element-06ffbda .elementor-icon-list-items.elementor-inline-items{margin-right:calc(-16px\/2);margin-left:calc(-16px\/2);}body.rtl .elementor-276 .elementor-element.elementor-element-06ffbda .elementor-icon-list-items.elementor-inline-items .elementor-icon-list-item:after{left:calc(-16px\/2);}body:not(.rtl) .elementor-276 .elementor-element.elementor-element-06ffbda .elementor-icon-list-items.elementor-inline-items .elementor-icon-list-item:after{right:calc(-16px\/2);}.elementor-276 .elementor-element.elementor-element-06ffbda .elementor-icon-list-item:not(:last-child):after{content:\"\";height:60%;border-color:var( --e-global-color-primary );}.elementor-276 .elementor-element.elementor-element-06ffbda .elementor-icon-list-items:not(.elementor-inline-items) .elementor-icon-list-item:not(:last-child):after{border-top-style:solid;border-top-width:1px;}.elementor-276 .elementor-element.elementor-element-06ffbda .elementor-icon-list-items.elementor-inline-items .elementor-icon-list-item:not(:last-child):after{border-left-style:solid;}.elementor-276 .elementor-element.elementor-element-06ffbda .elementor-inline-items .elementor-icon-list-item:not(:last-child):after{border-left-width:1px;}.elementor-276 .elementor-element.elementor-element-06ffbda .elementor-icon-list-icon{width:14px;}.elementor-276 .elementor-element.elementor-element-06ffbda .elementor-icon-list-icon i{font-size:14px;}.elementor-276 .elementor-element.elementor-element-06ffbda .elementor-icon-list-icon svg{--e-icon-list-icon-size:14px;}.elementor-276 .elementor-element.elementor-element-06ffbda .elementor-icon-list-text, .elementor-276 .elementor-element.elementor-element-06ffbda .elementor-icon-list-text a{color:var( --e-global-color-1de8e9b );}.elementor-276 .elementor-element.elementor-element-06ffbda .elementor-icon-list-item{font-family:\"Lato\", Sans-serif;font-size:13px;font-weight:400;}.elementor-276 .elementor-element.elementor-element-b30449c{--display:flex;}.elementor-widget-theme-post-title .elementor-heading-title{font-family:var( --e-global-typography-primary-font-family ), Sans-serif;font-weight:var( --e-global-typography-primary-font-weight );color:var( --e-global-color-primary );}.elementor-276 .elementor-element.elementor-element-afbf974 .elementor-heading-title{font-family:\"Lato\", Sans-serif;font-size:18px;font-weight:600;}.elementor-widget-theme-post-excerpt .elementor-widget-container{color:var( --e-global-color-text );font-family:var( --e-global-typography-text-font-family ), Sans-serif;font-weight:var( --e-global-typography-text-font-weight );}.elementor-widget-icon-box.elementor-view-stacked .elementor-icon{background-color:var( --e-global-color-primary );}.elementor-widget-icon-box.elementor-view-framed .elementor-icon, .elementor-widget-icon-box.elementor-view-default .elementor-icon{fill:var( --e-global-color-primary );color:var( --e-global-color-primary );border-color:var( --e-global-color-primary );}.elementor-widget-icon-box .elementor-icon-box-title, .elementor-widget-icon-box .elementor-icon-box-title a{font-family:var( --e-global-typography-primary-font-family ), Sans-serif;font-weight:var( --e-global-typography-primary-font-weight );}.elementor-widget-icon-box .elementor-icon-box-title{color:var( --e-global-color-primary );}.elementor-widget-icon-box:has(:hover) .elementor-icon-box-title,\n\t\t\t\t\t .elementor-widget-icon-box:has(:focus) .elementor-icon-box-title{color:var( --e-global-color-primary );}.elementor-widget-icon-box .elementor-icon-box-description{font-family:var( --e-global-typography-text-font-family ), Sans-serif;font-weight:var( --e-global-typography-text-font-weight );color:var( --e-global-color-text );}.elementor-276 .elementor-element.elementor-element-3700665 .elementor-icon-box-wrapper{align-items:center;gap:15px;}.elementor-276 .elementor-element.elementor-element-3700665 .elementor-icon{font-size:18px;}.elementor-276 .elementor-element.elementor-element-3700665 .elementor-icon-box-title, .elementor-276 .elementor-element.elementor-element-3700665 .elementor-icon-box-title a{font-family:\"Lato\", Sans-serif;font-weight:600;}<\/style>\t\t<div data-elementor-type=\"loop-item\" data-elementor-id=\"276\" class=\"elementor elementor-276 e-loop-item e-loop-item-264 post-264 post type-post status-publish format-standard has-post-thumbnail hentry category-puertas-interior\" data-elementor-post-type=\"elementor_library\" data-custom-edit-handle=\"1\">\n\t\t\t<div class=\"elementor-element elementor-element-f5c8091 e-flex e-con-boxed e-con e-parent\" data-id=\"f5c8091\" data-element_type=\"container\" data-settings=\"{&quot;background_background&quot;:&quot;classic&quot;}\">\n\t\t\t\t\t<div class=\"e-con-inner\">\n\t\t<div class=\"elementor-element elementor-element-1ab0a59 e-con-full e-flex e-con e-child\" data-id=\"1ab0a59\" data-element_type=\"container\" data-settings=\"{&quot;background_background&quot;:&quot;classic&quot;}\">\n\t\t\t\t<\/div>\n\t\t<div class=\"elementor-element elementor-element-cd24b65 e-con-full e-flex e-con e-child\" data-id=\"cd24b65\" data-element_type=\"container\">\n\t\t\t\t<div class=\"elementor-element elementor-element-06ffbda elementor-align-left elementor-widget elementor-widget-post-info\" data-id=\"06ffbda\" data-element_type=\"widget\" data-widget_type=\"post-info.default\">\n\t\t\t\t<div class=\"elementor-widget-container\">\n\t\t\t\t\t\t\t<ul class=\"elementor-inline-items elementor-icon-list-items elementor-post-info\">\n\t\t\t\t\t\t\t\t<li class=\"elementor-icon-list-item elementor-repeater-item-767037f elementor-inline-item\" itemprop=\"datePublished\">\n\t\t\t\t\t\t\t\t\t\t\t\t\t<span class=\"elementor-icon-list-text elementor-post-info__item elementor-post-info__item--type-date\">\n\t\t\t\t\t\t\t\t\t\t<time>January 13, 2025<\/time>\t\t\t\t\t<\/span>\n\t\t\t\t\t\t\t\t<\/li>\n\t\t\t\t<li class=\"elementor-icon-list-item elementor-repeater-item-0b2f991 elementor-inline-item\" itemprop=\"about\">\n\t\t\t\t\t\t\t\t\t\t\t\t\t<span class=\"elementor-icon-list-text elementor-post-info__item elementor-post-info__item--type-terms\">\n\t\t\t\t\t\t\t\t\t\t<span class=\"elementor-post-info__terms-list\">\n\t\t\t\t<span class=\"elementor-post-info__terms-list-item\">Interior Doors<\/span>\t\t\t\t<\/span>\n\t\t\t\t\t<\/span>\n\t\t\t\t\t\t\t\t<\/li>\n\t\t\t\t<\/ul>\n\t\t\t\t\t\t<\/div>\n\t\t\t\t<\/div>\n\t\t\t\t<\/div>\n\t\t<div class=\"elementor-element elementor-element-b30449c e-con-full e-flex e-con e-child\" data-id=\"b30449c\" data-element_type=\"container\">\n\t\t\t\t<div class=\"elementor-element elementor-element-afbf974 elementor-widget elementor-widget-theme-post-title elementor-page-title elementor-widget-heading\" data-id=\"afbf974\" data-element_type=\"widget\" data-widget_type=\"theme-post-title.default\">\n\t\t\t\t<div class=\"elementor-widget-container\">\n\t\t\t\t\t<h3 class=\"elementor-heading-title elementor-size-default\"><a href=\"https:\/\/puertasarse.com\/en\/design-handles-and-hinges-everything-is-in-the-details\/\">Design handles and hinges: it's all in the details<\/a><\/h3>\t\t\t\t<\/div>\n\t\t\t\t<\/div>\n\t\t\t\t<div class=\"elementor-element elementor-element-c692c84 elementor-widget elementor-widget-theme-post-excerpt\" data-id=\"c692c84\" data-element_type=\"widget\" data-widget_type=\"theme-post-excerpt.default\">\n\t\t\t\t<div class=\"elementor-widget-container\">\n\t\t\t\t\tLorem ipsum dolor sit amet, consectetur adipiscing elit. Adipiscing dui tellus commodo convallis.\t\t\t\t<\/div>\n\t\t\t\t<\/div>\n\t\t\t\t<div class=\"elementor-element elementor-element-3700665 elementor-position-inline-end elementor-view-default elementor-mobile-position-block-start elementor-widget elementor-widget-icon-box\" data-id=\"3700665\" data-element_type=\"widget\" data-widget_type=\"icon-box.default\">\n\t\t\t\t<div class=\"elementor-widget-container\">\n\t\t\t\t\t\t\t<div class=\"elementor-icon-box-wrapper\">\n\n\t\t\t\t\t\t<div class=\"elementor-icon-box-icon\">\n\t\t\t\t<a href=\"https:\/\/puertasarse.com\/en\/design-handles-and-hinges-everything-is-in-the-details\/\" class=\"elementor-icon\" tabindex=\"-1\" aria-label=\"See more\">\n\t\t\t\t<svg aria-hidden=\"true\" class=\"e-font-icon-svg e-fas-arrow-right\" viewbox=\"0 0 448 512\" xmlns=\"http:\/\/www.w3.org\/2000\/svg\"><path d=\"M190.5 66.9l22.2-22.2c9.4-9.4 24.6-9.4 33.9 0L441 239c9.4 9.4 9.4 24.6 0 33.9L246.6 467.3c-9.4 9.4-24.6 9.4-33.9 0l-22.2-22.2c-9.5-9.5-9.3-25 .4-34.3L311.4 296H24c-13.3 0-24-10.7-24-24v-32c0-13.3 10.7-24 24-24h287.4L190.9 101.2c-9.8-9.3-10-24.8-.4-34.3z\"><\/path><\/svg>\t\t\t\t<\/a>\n\t\t\t<\/div>\n\t\t\t\n\t\t\t\t\t\t<div class=\"elementor-icon-box-content\">\n\n\t\t\t\t\t\t\t\t\t<div class=\"elementor-icon-box-title\">\n\t\t\t\t\t\t<a href=\"https:\/\/puertasarse.com\/en\/design-handles-and-hinges-everything-is-in-the-details\/\" >\n\t\t\t\t\t\t\tSee more\t\t\t\t\t\t<\/a>\n\t\t\t\t\t<\/div>\n\t\t\t\t\n\t\t\t\t\n\t\t\t<\/div>\n\t\t\t\n\t\t<\/div>\n\t\t\t\t\t\t<\/div>\n\t\t\t\t<\/div>\n\t\t\t\t<\/div>\n\t\t\t\t\t<\/div>\n\t\t\t\t<\/div>\n\t\t\t\t<\/div>\n\t\t\t\t<\/div>\n\t\t\n\t\t\t\t\t\t<\/div>\n\t\t\t\t<\/div>\n\t\t\t\t\t<\/div>\n\t\t\t\t<\/div>\n\t\t\t\t<\/div>","protected":false},"excerpt":{"rendered":"<p>OUR BLOG BLOG blog puerta arse Consult all the latest news about the company to choose the doors for your home. Advice and reports on technology, decoration, construction and trends in the world of wood. Doors Interior Show all<\/p>","protected":false},"author":2,"featured_media":0,"parent":0,"menu_order":0,"comment_status":"closed","ping_status":"closed","template":"","meta":{"_acf_changed":false,"footnotes":""},"class_list":["post-274","page","type-page","status-publish","hentry"],"acf":[],"yoast_head":"<!-- This site is optimized with the Yoast SEO plugin v26.6 - https:\/\/yoast.com\/wordpress\/plugins\/seo\/ -->\n<title>Blog de Puertas Arse | Fabricaci\u00f3n y dise\u00f1o de puertas<\/title>\n<meta name=\"description\" content=\"Noticias, tendencias y novedades sobre fabricaci\u00f3n de puertas a medida, materiales y procesos productivos. Contenido t\u00e9cnico para profesionales.\" \/>\n<meta name=\"robots\" content=\"index, follow, max-snippet:-1, max-image-preview:large, max-video-preview:-1\" \/>\n<link rel=\"canonical\" href=\"https:\/\/puertasarse.com\/en\/blog\/\" \/>\n<meta property=\"og:locale\" content=\"en_GB\" \/>\n<meta property=\"og:type\" content=\"article\" \/>\n<meta property=\"og:title\" content=\"Blog de Puertas Arse | Fabricaci\u00f3n y dise\u00f1o de puertas\" \/>\n<meta property=\"og:description\" content=\"Noticias, tendencias y novedades sobre fabricaci\u00f3n de puertas a medida, materiales y procesos productivos. Contenido t\u00e9cnico para profesionales.\" \/>\n<meta property=\"og:url\" content=\"https:\/\/puertasarse.com\/en\/blog\/\" \/>\n<meta property=\"og:site_name\" content=\"Puertas Arse\" \/>\n<meta property=\"article:modified_time\" content=\"2025-12-31T10:44:43+00:00\" \/>\n<meta name=\"twitter:card\" content=\"summary_large_image\" \/>\n<meta name=\"twitter:label1\" content=\"Estimated reading time\" \/>\n\t<meta name=\"twitter:data1\" content=\"1 minute\" \/>\n<script type=\"application\/ld+json\" class=\"yoast-schema-graph\">{\"@context\":\"https:\/\/schema.org\",\"@graph\":[{\"@type\":\"WebPage\",\"@id\":\"https:\/\/puertasarse.com\/blog\/\",\"url\":\"https:\/\/puertasarse.com\/blog\/\",\"name\":\"Blog de Puertas Arse | Fabricaci\u00f3n y dise\u00f1o de puertas\",\"isPartOf\":{\"@id\":\"https:\/\/puertasarse.com\/#website\"},\"datePublished\":\"2025-01-13T21:14:04+00:00\",\"dateModified\":\"2025-12-31T10:44:43+00:00\",\"description\":\"Noticias, tendencias y novedades sobre fabricaci\u00f3n de puertas a medida, materiales y procesos productivos. Contenido t\u00e9cnico para profesionales.\",\"breadcrumb\":{\"@id\":\"https:\/\/puertasarse.com\/blog\/#breadcrumb\"},\"inLanguage\":\"en-GB\",\"potentialAction\":[{\"@type\":\"ReadAction\",\"target\":[\"https:\/\/puertasarse.com\/blog\/\"]}]},{\"@type\":\"BreadcrumbList\",\"@id\":\"https:\/\/puertasarse.com\/blog\/#breadcrumb\",\"itemListElement\":[{\"@type\":\"ListItem\",\"position\":1,\"name\":\"Portada\",\"item\":\"https:\/\/puertasarse.com\/\"},{\"@type\":\"ListItem\",\"position\":2,\"name\":\"Blog\"}]},{\"@type\":\"WebSite\",\"@id\":\"https:\/\/puertasarse.com\/#website\",\"url\":\"https:\/\/puertasarse.com\/\",\"name\":\"Puertas Arse\",\"description\":\"Fabricantes de Puertas de Madera\",\"publisher\":{\"@id\":\"https:\/\/puertasarse.com\/#organization\"},\"potentialAction\":[{\"@type\":\"SearchAction\",\"target\":{\"@type\":\"EntryPoint\",\"urlTemplate\":\"https:\/\/puertasarse.com\/?s={search_term_string}\"},\"query-input\":{\"@type\":\"PropertyValueSpecification\",\"valueRequired\":true,\"valueName\":\"search_term_string\"}}],\"inLanguage\":\"en-GB\"},{\"@type\":\"Organization\",\"@id\":\"https:\/\/puertasarse.com\/#organization\",\"name\":\"Puertas Arse\",\"url\":\"https:\/\/puertasarse.com\/\",\"logo\":{\"@type\":\"ImageObject\",\"inLanguage\":\"en-GB\",\"@id\":\"https:\/\/puertasarse.com\/#\/schema\/logo\/image\/\",\"url\":\"https:\/\/puertasarse.com\/wp-content\/uploads\/2025\/01\/Puertas-Arse-logo-60.png\",\"contentUrl\":\"https:\/\/puertasarse.com\/wp-content\/uploads\/2025\/01\/Puertas-Arse-logo-60.png\",\"width\":162,\"height\":60,\"caption\":\"Puertas Arse\"},\"image\":{\"@id\":\"https:\/\/puertasarse.com\/#\/schema\/logo\/image\/\"}}]}<\/script>\n<!-- \/ Yoast SEO plugin. -->","yoast_head_json":{"title":"Blog de Puertas Arse | Fabricaci\u00f3n y dise\u00f1o de puertas","description":"Noticias, tendencias y novedades sobre fabricaci\u00f3n de puertas a medida, materiales y procesos productivos. Contenido t\u00e9cnico para profesionales.","robots":{"index":"index","follow":"follow","max-snippet":"max-snippet:-1","max-image-preview":"max-image-preview:large","max-video-preview":"max-video-preview:-1"},"canonical":"https:\/\/puertasarse.com\/en\/blog\/","og_locale":"en_GB","og_type":"article","og_title":"Blog de Puertas Arse | Fabricaci\u00f3n y dise\u00f1o de puertas","og_description":"Noticias, tendencias y novedades sobre fabricaci\u00f3n de puertas a medida, materiales y procesos productivos. Contenido t\u00e9cnico para profesionales.","og_url":"https:\/\/puertasarse.com\/en\/blog\/","og_site_name":"Puertas Arse","article_modified_time":"2025-12-31T10:44:43+00:00","twitter_card":"summary_large_image","twitter_misc":{"Estimated reading time":"1 minute"},"schema":{"@context":"https:\/\/schema.org","@graph":[{"@type":"WebPage","@id":"https:\/\/puertasarse.com\/blog\/","url":"https:\/\/puertasarse.com\/blog\/","name":"Blog de Puertas Arse | Fabricaci\u00f3n y dise\u00f1o de puertas","isPartOf":{"@id":"https:\/\/puertasarse.com\/#website"},"datePublished":"2025-01-13T21:14:04+00:00","dateModified":"2025-12-31T10:44:43+00:00","description":"Noticias, tendencias y novedades sobre fabricaci\u00f3n de puertas a medida, materiales y procesos productivos. Contenido t\u00e9cnico para profesionales.","breadcrumb":{"@id":"https:\/\/puertasarse.com\/blog\/#breadcrumb"},"inLanguage":"en-GB","potentialAction":[{"@type":"ReadAction","target":["https:\/\/puertasarse.com\/blog\/"]}]},{"@type":"BreadcrumbList","@id":"https:\/\/puertasarse.com\/blog\/#breadcrumb","itemListElement":[{"@type":"ListItem","position":1,"name":"Portada","item":"https:\/\/puertasarse.com\/"},{"@type":"ListItem","position":2,"name":"Blog"}]},{"@type":"WebSite","@id":"https:\/\/puertasarse.com\/#website","url":"https:\/\/puertasarse.com\/","name":"Puertas Arse","description":"Fabricantes de Puertas de Madera","publisher":{"@id":"https:\/\/puertasarse.com\/#organization"},"potentialAction":[{"@type":"SearchAction","target":{"@type":"EntryPoint","urlTemplate":"https:\/\/puertasarse.com\/?s={search_term_string}"},"query-input":{"@type":"PropertyValueSpecification","valueRequired":true,"valueName":"search_term_string"}}],"inLanguage":"en-GB"},{"@type":"Organization","@id":"https:\/\/puertasarse.com\/#organization","name":"Puertas Arse","url":"https:\/\/puertasarse.com\/","logo":{"@type":"ImageObject","inLanguage":"en-GB","@id":"https:\/\/puertasarse.com\/#\/schema\/logo\/image\/","url":"https:\/\/puertasarse.com\/wp-content\/uploads\/2025\/01\/Puertas-Arse-logo-60.png","contentUrl":"https:\/\/puertasarse.com\/wp-content\/uploads\/2025\/01\/Puertas-Arse-logo-60.png","width":162,"height":60,"caption":"Puertas Arse"},"image":{"@id":"https:\/\/puertasarse.com\/#\/schema\/logo\/image\/"}}]}},"_links":{"self":[{"href":"https:\/\/puertasarse.com\/en\/wp-json\/wp\/v2\/pages\/274","targetHints":{"allow":["GET"]}}],"collection":[{"href":"https:\/\/puertasarse.com\/en\/wp-json\/wp\/v2\/pages"}],"about":[{"href":"https:\/\/puertasarse.com\/en\/wp-json\/wp\/v2\/types\/page"}],"author":[{"embeddable":true,"href":"https:\/\/puertasarse.com\/en\/wp-json\/wp\/v2\/users\/2"}],"replies":[{"embeddable":true,"href":"https:\/\/puertasarse.com\/en\/wp-json\/wp\/v2\/comments?post=274"}],"version-history":[{"count":19,"href":"https:\/\/puertasarse.com\/en\/wp-json\/wp\/v2\/pages\/274\/revisions"}],"predecessor-version":[{"id":308,"href":"https:\/\/puertasarse.com\/en\/wp-json\/wp\/v2\/pages\/274\/revisions\/308"}],"wp:attachment":[{"href":"https:\/\/puertasarse.com\/en\/wp-json\/wp\/v2\/media?parent=274"}],"curies":[{"name":"wp","href":"https:\/\/api.w.org\/{rel}","templated":true}]}}